{"id":219,"date":"2017-07-06T16:59:31","date_gmt":"2017-07-06T16:59:31","guid":{"rendered":"http:\/\/macsupport.hu\/?page_id=219\/"},"modified":"2018-01-25T14:34:55","modified_gmt":"2018-01-25T13:34:55","slug":"shipping-information","status":"publish","type":"page","link":"https:\/\/macsupport.hu\/en\/shipping-information\/","title":{"rendered":"Shipping Information"},"content":{"rendered":"[mk_page_section][vc_column width=&#8221;1\/6&#8243;][\/vc_column][vc_column width=&#8221;2\/3&#8243;][mk_fancy_title size=&#8221;26&#8243; line_height=&#8221;35&#8243; font_family=&#8221;Montserrat&#8221; font_type=&#8221;google&#8221; margin_bottom=&#8221;30&#8243; align=&#8221;center&#8221;]Shipping Information[\/mk_fancy_title][vc_column_text]Oldalunkon leadott megrendel\u00e9sed sor\u00e1n az al\u00e1bbi sz\u00e1ll\u00edt\u00e1si m\u00f3dok k\u00f6z\u00fcl v\u00e1laszthatsz:<\/p>\n<p>&nbsp;<\/p>\n<h5>H\u00e1zhoz sz\u00e1ll\u00edt\u00e1s fut\u00e1rszolg\u00e1lattal<\/h5>\n<p>Az orsz\u00e1g eg\u00e9sz ter\u00fclet\u00e9re kisz\u00e1ll\u00edtjuk megrendelt term\u00e9ked, melynek sz\u00e1ll\u00edt\u00e1s\u00e1r\u00f3l\u00a0 fut\u00e1rszolg\u00e1lat gondoskodik. Minden nett\u00f3 50.000 Forint feletti rendel\u00e9s eset\u00e9n a <strong>sz\u00e1ll\u00edt\u00e1si k\u00f6lts\u00e9get mi v\u00e1llajuk.<\/strong> Amennyiben a megrendelt term\u00e9k nem \u00e9rhet\u0151 el k\u00f6zponti rakt\u00e1runkban, t\u00e1j\u00e9koztatunk a sz\u00e1ll\u00edt\u00e1s v\u00e1rhat\u00f3 idej\u00e9r\u0151l. A megrendelt term\u00e9ket a fut\u00e1rszolg\u00e1lat a felv\u00e9telt k\u00f6vet\u0151 1-2 munkanapon bel\u00fcl sz\u00e1ll\u00edtja, a kisz\u00e1ll\u00edt\u00e1s v\u00e1rhat\u00f3 idej\u00e9r\u0151l \u0150k tudnak t\u00e1j\u00e9koztat\u00e1st adni. Partnereink: MPL, Trans-O-Flex. <strong>Pest megye ter\u00fclet\u00e9n \u00faj \u00fcgyfeleinknek a k\u00e9sz\u00fcl\u00e9keket szem\u00e9lyesen sz\u00e1ll\u00edtjuk, \u00e9s egy \u00f3ra ingyenes supportot biztos\u00edtunk mell\u00e9!<\/strong><\/p>\n<p>&nbsp;<\/p>\n<h5>Szem\u00e9lyes \u00e1tv\u00e9tel irod\u00e1nkban<\/h5>\n<p>A megrendelt term\u00e9ket szem\u00e9lyesen is \u00e1tveheted budapesti irod\u00e1nkban \/ rakt\u00e1runkban. ( 1101 Budapest, Pongr\u00e1c \u00fat 15. ). A term\u00e9k be\u00e9rkez\u00e9s\u00e9r\u0151l email-ben vagy telefonon t\u00e1j\u00e9koztatunk. \u00c1tvev\u0151 pontunkon csak k\u00e9szp\u00e9nzzel tudsz fizetni, legfeljebb brutt\u00f3 600.000 Forint \u00e9rt\u00e9kig.<\/p>\n<p>&nbsp;<\/p>\n<h5>Visszak\u00fcld\u00e9si inform\u00e1ci\u00f3k<\/h5>\n<p>Oldalunkon leadott rendel\u00e9sed \u00e1tv\u00e9tel\u00e9t\u0151l sz\u00e1m\u00edtott 14 napon bel\u00fcl indokl\u00e1s n\u00e9lk\u00fcl el\u00e1llhatsz a v\u00e1s\u00e1rl\u00e1st\u00f3l. A term\u00e9k csomagol\u00e1s\u00e1t \u00e9s kieg\u00e9sz\u00edt\u0151it felt\u00e9tlen\u00fcl \u0151rizd meg a term\u00e9k eredeti sz\u00e1ml\u00e1j\u00e1val. A term\u00e9k be\u00e9rkez\u00e9se ut\u00e1n, amenniyben azon semmilyen, az el\u00e1ll\u00e1st\u00f3l val\u00f3 kiz\u00e1r\u00f3 okot nem tal\u00e1lunk, visszautaljuk a term\u00e9k v\u00e9tel\u00e1r\u00e1t a \u00a0fizet\u00e9skor haszn\u00e1lt banksz\u00e1ml\u00e1ra. K\u00e9szp\u00e9nzes fizet\u00e9s eset\u00e9n az \u00e1ltalad megadott banksz\u00e1mlasz\u00e1mra.<\/p>\n<p>&nbsp;<\/p>\n<h4><strong>FIZET\u00c9SI M\u00d3DOK<\/strong><\/h4>\n<p>&nbsp;<\/p>\n<h5>Banki \u00e1tutal\u00e1s<\/h5>\n<p>Az oldalunkon megrendelt term\u00e9keket el\u0151reutal\u00e1sos fizet\u00e9ssel tudod kiegyenl\u00edteni. A megrendel\u00e9s be\u00e9rkezt\u00e9t k\u00f6vet\u0151en proforma sz\u00e1ml\u00e1t \u00e1ll\u00edtunk ki, amelyet pdf form\u00e1tumban email-ben elk\u00fcld\u00fcnk Neked, a fizet\u00e9si inform\u00e1ci\u00f3kkal. A sz\u00e1mla kiegyenl\u00edt\u00e9se ut\u00e1n megkezdj\u00fck a rendel\u00e9s teljes\u00edt\u00e9s\u00e9t.<\/p>\n<p>&nbsp;<\/p>\n<h5>Ut\u00e1nv\u00e9t<\/h5>\n<p>Rendel\u00e9sed lehet\u0151s\u00e9ged van ut\u00e1nv\u00e9ttel is fizetni, ebben az esetben a v\u00e9tel\u00e1rat a fut\u00e1rnak kell k\u00e9szp\u00e9nzben vagy bankk\u00e1rty\u00e1val fizetned. Sz\u00e1ll\u00edti\u00f3nkn\u00e1l\u00a0 minden esetben garant\u00e1lt a termin\u00e1l megl\u00e9te, \u00edgy Neked nem kell a fizet\u00e9si m\u00f3d miatt agg\u00f3dnod.<\/p>\n<p>&nbsp;<\/p>\n<h5>Szem\u00e9lyes \u00e1tv\u00e9tel \u00e1tvev\u0151 pontunkon<\/h5>\n<p>A megrendelt term\u00e9ket szem\u00e9lyesen is \u00e1tveheted rakt\u00e1runkban \/ \u00e1tvev\u0151 pontunkon. Itt csak k\u00e9szp\u00e9nzes fizet\u00e9sre van lehet\u0151s\u00e9ged, el\u0151re egyeztetett id\u0151pontban.<\/p>\n<p>&nbsp;<\/p>\n<h5>Sz\u00e1ll\u00edt\u00e1si \u00e9s fizet\u00e9si t\u00e1j\u00e9koztat\u00f3<\/h5>\n<ol>\n<li>\n<h6>Amennyiben a megrendelt term\u00e9ket h\u00e1zhossz\u00e1ll\u00edt\u00e1ssal szeretn\u00e9d \u00e1tvenni, a term\u00e9k v\u00e9tel\u00e1r\u00e1n fel\u00fcl az esetleges sz\u00e1ll\u00edt\u00e1si d\u00edj is kisz\u00e1ml\u00e1z\u00e1sra ker\u00fclhet. Nett\u00f3 50.000 Forint v\u00e1s\u00e1rl\u00e1s felett a sz\u00e1ll\u00edt\u00e1si k\u00f6lts\u00e9get mi v\u00e1llaljuk. Enn\u00e9l kisebb rendel\u00e9s eset\u00e9n Magyarorsz\u00e1gon bel\u00fcl nett\u00f3 2.000 Forint sz\u00e1ll\u00edt\u00e1si d\u00edjat sz\u00e1molunk fel.<\/h6>\n<\/li>\n<li>\n<h6>Rendel\u00e9sed elk\u00fcld\u00e9sekor meg kell adnod a fizet\u00e9si m\u00f3dot, amely lehet banki \u00e1tutal\u00e1s, ut\u00e1nv\u00e9t, vagy szem\u00e9lyes \u00e1tv\u00e1tel (k\u00e9szp\u00e9nz) \u00e1tvev\u0151 pontunkon.<\/h6>\n<\/li>\n<li>\n<h6>A sz\u00e1ml\u00e1t a term\u00e9kkel egy\u00fctt, annak kisz\u00e1ll\u00edt\u00e1sakor k\u00e9zbes\u00edtj\u00fck, el\u0151re utal\u00e1s eset\u00e9n az \u00f6sszeg be\u00e9rkeztekor.<\/h6>\n<\/li>\n<li>\n<h6>Banki \u00e1tutal\u00e1s eset\u00e9n a kiv\u00e1nt term\u00e9kr\u0151l proforma sz\u00e1ml\u00e1t \u00e1ll\u00edtunk ki, amelyet emailben, PDF form\u00e1tumban elk\u00fcld\u00fcnk. K\u00e9r\u00fcnk, hogy a sz\u00e1mla k\u00e9zhezv\u00e9tel\u00e9t k\u00f6vet\u0151en utald \u00e1t a sz\u00e1ml\u00e1n szerepl\u0151 \u00f6sszeget, a k\u00f6zlem\u00e9nyben pedig t\u00fcntesd fel a proforma sz\u00e1mla sorsz\u00e1m\u00e1t a k\u00f6nyebb beazonos\u00edthat\u00f3s\u00e1g, \u00e9s a sz\u00e1ll\u00edt\u00e1s min\u00e9l el\u0151bbi megkezd\u00e9s\u00e9nek \u00e9rdek\u00e9ben. Amint az \u00f6sszeg j\u00f3v\u00e1\u00edr\u00e1sra ker\u00fclt a banksz\u00e1ml\u00e1nkon, megkezdj\u00fck a rendel\u00e9s teljes\u00edt\u00e9s\u00e9t.<\/h6>\n<\/li>\n<li>\n<h6>Ut\u00e1nv\u00e9tes rendel\u00e9s eset\u00e9n a sz\u00e1ll\u00edt\u00f3nak tudsz fizetni k\u00e9szp\u00e9nzzel vagy bankk\u00e1rty\u00e1val. A sz\u00e1ll\u00edt\u00f3 nem k\u00f6teles a term\u00e9ket \u00e1tadni, am\u00edg az \u00f6sszeget (term\u00e9k \u00e1ra + esetleges sz\u00e1ll\u00edt\u00e1si d\u00edj) ki nem fizetted. K\u00e9szp\u00e9nzes fizet\u00e9s eset\u00e9n a fels\u0151 limit 2.000.000 Forint.<\/h6>\n<\/li>\n<li>\n<h6>Amennyiben a megrendelt term\u00e9k k\u00e9szleten van, \u00fagy azt ak\u00e1r 24 \u00f3r\u00e1n bel\u00fcl kisz\u00e1ll\u00edtjuk Neked. Szeretn\u00e9nk t\u00e1j\u00e9koztatni, hogy a garant\u00e1lt sz\u00e1ll\u00edt\u00e1si id\u0151 minden esetben 60 nap, de term\u00e9szetesen t\u00f6reksz\u00fcnk arra hogy min\u00e9l el\u0151bb teljes\u00edts\u00fck rendel\u00e9sed.<\/h6>\n<\/li>\n<li>\n<h6>A term\u00e9k el\u00e9rhet\u0151s\u00e9g\u00e9r\u0151l, \u00e9s a sz\u00e1ll\u00edt\u00e1s v\u00e1rhat\u00f3 idej\u00e9r\u0151l igyeksz\u00fcnk minden esetben a lehet\u0151 legpontosabb inform\u00e1ci\u00f3val szolg\u00e1lni v\u00e1s\u00e1rl\u00f3ink r\u00e9sz\u00e9re.<\/h6>\n<\/li>\n<li>\n<h6>Amennyiben a rendelt term\u00e9ket m\u00e1r \u00e1tadtuk a csomagk\u00fcld\u0151 szolg\u00e1latnak, \u00fagy a sz\u00e1ll\u00edt\u00e1si hely \u00e9s id\u0151 m\u00f3dos\u00edt\u00e1sa csak a fut\u00e1rszolg\u00e1lat \u00fcgyf\u00e9lszolg\u00e1lat\u00e1n kereszt\u00fcl lehets\u00e9ges. A sz\u00e1ll\u00edt\u00e1s m\u00f3dos\u00edt\u00e1s\u00e1hoz sz\u00fcks\u00e9ged lesz a csomagsz\u00e1m megjel\u00f6l\u00e9s\u00e9re, amelyet a sz\u00e1ll\u00edt\u00e1si \u00e9rtes\u00edt\u0151ben k\u00fcld\u00fcnk Neked.<\/h6>\n<\/li>\n<li>\n<h6>A v\u00e1s\u00e1rl\u00f3 k\u00f6teles k\u00e9zbes\u00edt\u00e9si c\u00edmk\u00e9nt olyan c\u00edmet megadni, ahol a csomag \u00e1tv\u00e9tel\u00e9t biztos\u00edtani tudja. A pontatlan adatk\u00f6zl\u00e9sb\u0151l ered\u0151 sz\u00e1ll\u00edt\u00e1si k\u00e9sedelmek\u00e9rt, vagy a k\u00e9zbes\u00edt\u00e9s lehetetlen\u00fcl\u00e9s\u00e9\u00e9rt az elad\u00f3 semmilyen felel\u0151ss\u00e9get nem v\u00e1llal.<\/h6>\n<\/li>\n<li>\n<h6>A v\u00e1s\u00e1rl\u00f3 k\u00f6teles a csomag \u00e1tv\u00e9telekor annak teljes tartalm\u00e1t t\u00e9telesen \u00f6sszevetni a sz\u00e1ml\u00e1n szerepl\u0151 t\u00e9telekkel, \u00e9s hi\u00e1nytalan teljes\u00edt\u00e9s eset\u00e9n az \u00e1tv\u00e9teli elismerv\u00e9nyt al\u00e1\u00edr\u00e1s\u00e1val hiteles\u00edteni. Amennyiben az \u00e1tv\u00e9teli elismerv\u00e9ny al\u00e1\u00edr\u00e1sa megt\u00f6rt\u00e9nt, mennyis\u00e9gi hi\u00e1nyoss\u00e1gokra vonatkoz\u00f3 reklam\u00e1ci\u00f3t nem \u00e1ll m\u00f3dunkban elfogadni.<\/h6>\n<\/li>\n<li>\n<h6>A sz\u00e1ll\u00edt\u00f3 els\u0151sorban a rendel\u00e9sben megadott \u00e1tvev\u0151 szem\u00e9lynek k\u00e9zbes\u00edti a csomagot. A rendel\u00e9sben megadott \u00e1tvev\u0151t\u0151l elt\u00e9r\u0151 szem\u00e9ly r\u00e9sz\u00e9re a Sz\u00e1ll\u00edt\u00f3 csak abban az esetben k\u00e9zbes\u00edtheti a k\u00fcldem\u00e9nyt, ha az \u00e1tvev\u0151 rendelkezik egy teljes bizony\u00edt\u00f3 erej\u0171 meghatalmaz\u00e1ssal az \u00e1ru \u00e1tv\u00e9tel\u00e9re. Az \u00e1tvev\u0151 k\u00f6teles a meghatalmaz\u00e1s eredeti p\u00e9ld\u00e1ny\u00e1t a Sz\u00e1ll\u00edt\u00f3 r\u00e9sz\u00e9re \u00e1tadni. A Sz\u00e1ll\u00edt\u00f3 nem k\u00f6teles a dokumentum val\u00f3dis\u00e1g\u00e1t ellen\u0151rizni.<\/h6>\n<\/li>\n<\/ol>\n[\/vc_column_text][\/vc_column][vc_column width=&#8221;1\/6&#8243;][\/vc_column][\/mk_page_section][mk_page_section bg_color=&#8221;#000000&#8243; bg_image=&#8221;http:\/\/macsupport.hu\/wp-content\/uploads\/2017\/07\/parker-byrd-139348.jpg&#8221; bg_position=&#8221;center bottom&#8221; video_color_mask=&#8221;#000000&#8243; video_opacity=&#8221;0.4&#8243;][vc_column][mk_padding_divider size=&#8221;30&#8243;][vc_row_inner][vc_column_inner width=&#8221;1\/2&#8243;][mk_image src=&#8221;http:\/\/macsupport.hu\/wp-content\/uploads\/2017\/07\/product_pro.png&#8221; image_width=&#8221;250&#8243; image_height=&#8221;100&#8243; crop=&#8221;false&#8221; hover=&#8221;false&#8221; align=&#8221;center&#8221;][\/vc_column_inner][vc_column_inner width=&#8221;1\/2&#8243;][mk_image src=&#8221;http:\/\/macsupport.hu\/wp-content\/uploads\/2017\/07\/support_pro.png&#8221; image_width=&#8221;250&#8243; image_height=&#8221;100&#8243; crop=&#8221;false&#8221; hover=&#8221;false&#8221; align=&#8221;center&#8221;][\/vc_column_inner][\/vc_row_inner][mk_padding_divider size=&#8221;30&#8243;][\/vc_column][\/mk_page_section]\n","protected":false},"excerpt":{"rendered":"<p>[mk_page_section][vc_column width=&#8221;1\/6&#8243;][\/vc_column][vc_column width=&#8221;2\/3&#8243;][mk_fancy_title size=&#8221;26&#8243; line_height=&#8221;35&#8243; font_family=&#8221;Montserrat&#8221; font_type=&#8221;google&#8221; margin_bottom=&#8221;30&#8243; align=&#8221;center&#8221;]Shipping Information[\/mk_fancy_title][vc_column_text]Oldalunkon leadott megrendel\u00e9sed sor\u00e1n az al\u00e1bbi sz\u00e1ll\u00edt\u00e1si m\u00f3dok k\u00f6z\u00fcl v\u00e1laszthatsz: &nbsp; H\u00e1zhoz sz\u00e1ll\u00edt\u00e1s fut\u00e1rszolg\u00e1lattal Az orsz\u00e1g eg\u00e9sz ter\u00fclet\u00e9re kisz\u00e1ll\u00edtjuk megrendelt term\u00e9ked, melynek sz\u00e1ll\u00edt\u00e1s\u00e1r\u00f3l\u00a0 fut\u00e1rszolg\u00e1lat gondoskodik. Minden nett\u00f3 50.000 Forint feletti rendel\u00e9s eset\u00e9n a sz\u00e1ll\u00edt\u00e1si k\u00f6lts\u00e9get mi v\u00e1llajuk. Amennyiben a megrendelt term\u00e9k nem \u00e9rhet\u0151 el k\u00f6zponti rakt\u00e1runkban, [&hellip;]<\/p>\n","protected":false},"author":1,"featured_media":0,"parent":0,"menu_order":0,"comment_status":"closed","ping_status":"closed","template":"","meta":{"_monsterinsights_skip_tracking":false,"_monsterinsights_sitenote_active":false,"_monsterinsights_sitenote_note":"","_monsterinsights_sitenote_category":0},"_links":{"self":[{"href":"https:\/\/macsupport.hu\/en\/wp-json\/wp\/v2\/pages\/219"}],"collection":[{"href":"https:\/\/macsupport.hu\/en\/wp-json\/wp\/v2\/pages"}],"about":[{"href":"https:\/\/macsupport.hu\/en\/wp-json\/wp\/v2\/types\/page"}],"author":[{"embeddable":true,"href":"https:\/\/macsupport.hu\/en\/wp-json\/wp\/v2\/users\/1"}],"replies":[{"embeddable":true,"href":"https:\/\/macsupport.hu\/en\/wp-json\/wp\/v2\/comments?post=219"}],"version-history":[{"count":4,"href":"https:\/\/macsupport.hu\/en\/wp-json\/wp\/v2\/pages\/219\/revisions"}],"predecessor-version":[{"id":1705,"href":"https:\/\/macsupport.hu\/en\/wp-json\/wp\/v2\/pages\/219\/revisions\/1705"}],"wp:attachment":[{"href":"https:\/\/macsupport.hu\/en\/wp-json\/wp\/v2\/media?parent=219"}],"curies":[{"name":"wp","href":"https:\/\/api.w.org\/{rel}","templated":true}]}}