{"id":35,"date":"2017-06-28T08:34:12","date_gmt":"2017-06-28T08:34:12","guid":{"rendered":"http:\/\/macsupport.hu\/?page_id=35\/"},"modified":"2018-01-28T17:00:09","modified_gmt":"2018-01-28T16:00:09","slug":"kezdolap","status":"publish","type":"page","link":"https:\/\/macsupport.hu\/en\/","title":{"rendered":"Kezd\u0151lap"},"content":{"rendered":"[mk_page_section padding=&#8221;0&#8243;][vc_column][layerslider_vc id=&#8221;1&#8243;][\/vc_column][\/mk_page_section][mk_page_section][vc_column][vc_row_inner][vc_column_inner width=&#8221;1\/4&#8243;][vc_icon icon_fontawesome=&#8221;fa fa-life-ring&#8221; color=&#8221;custom&#8221; size=&#8221;lg&#8221; align=&#8221;center&#8221; custom_color=&#8221;#6d6d6d&#8221; link=&#8221;url:http%3A%2F%2Fmacsupport.hu%2Fen%2Fservices%2Fsupport%2F|||&#8221;][mk_fancy_title size=&#8221;20&#8243; font_weight=&#8221;bold&#8221; font_family=&#8221;Montserrat&#8221; font_type=&#8221;google&#8221; margin_top=&#8221;50&#8243; margin_bottom=&#8221;20&#8243; align=&#8221;center&#8221;]<a href=\"https:\/\/macsupport.hu\/en\/services\/support\/\">SUPPORT<\/a>[\/mk_fancy_title][vc_column_text]\n<p style=\"text-align: center;\"><a href=\"https:\/\/macsupport.hu\/en\/services\/support\/\">Technical assistance for companies and individuals<\/a><\/p>\n[\/vc_column_text][\/vc_column_inner][vc_column_inner width=&#8221;1\/4&#8243;][vc_icon icon_fontawesome=&#8221;fa fa-wrench&#8221; color=&#8221;custom&#8221; size=&#8221;lg&#8221; align=&#8221;center&#8221; custom_color=&#8221;#6d6d6d&#8221; link=&#8221;url:http%3A%2F%2Fmacsupport.hu%2Fszolgaltatasok%2Fszerviz%2F|||&#8221;][mk_fancy_title size=&#8221;20&#8243; font_weight=&#8221;bold&#8221; font_family=&#8221;Montserrat&#8221; font_type=&#8221;google&#8221; margin_top=&#8221;50&#8243; margin_bottom=&#8221;20&#8243; align=&#8221;center&#8221;]<a href=\"https:\/\/macsupport.hu\/en\/services\/service\/\">SERVICE<\/a>[\/mk_fancy_title][vc_column_text]\n<p style=\"text-align: center;\"><a href=\"https:\/\/macsupport.hu\/en\/services\/service\/\">Hardware and software problem solving with outstanding flexibility<\/a><\/p>\n[\/vc_column_text][\/vc_column_inner][vc_column_inner width=&#8221;1\/4&#8243;][vc_icon icon_fontawesome=&#8221;fa fa-medkit&#8221; color=&#8221;custom&#8221; size=&#8221;lg&#8221; align=&#8221;center&#8221; custom_color=&#8221;#6d6d6d&#8221; link=&#8221;url:http%3A%2F%2Fmacsupport.hu%2Fen%2Fservices%2Fmac-on-site-service%2F|||&#8221;][mk_fancy_title size=&#8221;20&#8243; font_weight=&#8221;bold&#8221; font_family=&#8221;Montserrat&#8221; font_type=&#8221;google&#8221; margin_top=&#8221;50&#8243; margin_bottom=&#8221;20&#8243; align=&#8221;center&#8221;]<a href=\"https:\/\/macsupport.hu\/en\/services\/mac-on-site-service\/\">ONSITE SERVICE<\/a>[\/mk_fancy_title][vc_column_text]\n<p style=\"text-align: center;\"><a href=\"https:\/\/macsupport.hu\/en\/services\/mac-on-site-service\/\">Assistance to businesses and retail customers within an hour<\/a><\/p>\n[\/vc_column_text][\/vc_column_inner][vc_column_inner width=&#8221;1\/4&#8243;][vc_icon icon_fontawesome=&#8221;fa fa-refresh&#8221; color=&#8221;custom&#8221; size=&#8221;lg&#8221; align=&#8221;center&#8221; custom_color=&#8221;#6d6d6d&#8221; link=&#8221;url:http%3A%2F%2Fmacsupport.hu%2Fen%2Fservices%2Fapple-replacement-devices%2F|||&#8221;][mk_fancy_title size=&#8221;20&#8243; font_weight=&#8221;bold&#8221; font_family=&#8221;Montserrat&#8221; font_type=&#8221;google&#8221; align=&#8221;center&#8221;]<a href=\"https:\/\/macsupport.hu\/en\/services\/apple-replacement-devices\/\">APPLE REPLACEMENT DEVICES<\/a>[\/mk_fancy_title][vc_column_text]\n<p style=\"text-align: center;\"><a href=\"https:\/\/macsupport.hu\/en\/services\/apple-replacement-devices\/\">In case of repair at our company, on favorable terms, without a deposit *<\/a><\/p>\n[\/vc_column_text][\/vc_column_inner][\/vc_row_inner][\/vc_column][\/mk_page_section][mk_page_section][vc_column][vc_row_inner][vc_column_inner width=&#8221;1\/4&#8243;][vc_icon icon_fontawesome=&#8221;fa fa-laptop&#8221; color=&#8221;custom&#8221; size=&#8221;lg&#8221; align=&#8221;center&#8221; custom_color=&#8221;#6d6d6d&#8221; link=&#8221;url:http%3A%2F%2Fmacsupport.hu%2Fen%2Fapple-devices%2F|||&#8221;][mk_fancy_title size=&#8221;20&#8243; font_weight=&#8221;bold&#8221; font_family=&#8221;Montserrat&#8221; font_type=&#8221;google&#8221; margin_top=&#8221;50&#8243; margin_bottom=&#8221;20&#8243; align=&#8221;center&#8221;]<a href=\"https:\/\/macsupport.hu\/en\/apple-devices\/\">APPLE DEVICES<\/a>[\/mk_fancy_title][vc_column_text]\n<p style=\"text-align: center;\"><a href=\"https:\/\/macsupport.hu\/en\/apple-devices\/\">For every new Mac customer we provide 1 hour free support \/ training<\/a><\/p>\n[\/vc_column_text][\/vc_column_inner][vc_column_inner width=&#8221;1\/4&#8243;][vc_icon icon_fontawesome=&#8221;fa fa-money&#8221; color=&#8221;custom&#8221; size=&#8221;lg&#8221; align=&#8221;center&#8221; custom_color=&#8221;#6d6d6d&#8221; link=&#8221;url:http%3A%2F%2Fmacsupport.hu%2Fen%2Fservices%2Fiphone-acquisitions-trade-in%2F|||&#8221;][mk_fancy_title size=&#8221;20&#8243; font_weight=&#8221;bold&#8221; font_family=&#8221;Montserrat&#8221; font_type=&#8221;google&#8221; align=&#8221;center&#8221;]<a href=\"https:\/\/macsupport.hu\/en\/services\/iphone-acquisitions-trade-in\/\">ACQUISITIONS \/ TRADE IN<\/a>[\/mk_fancy_title][vc_column_text]\n<p style=\"text-align: center;\"><a href=\"https:\/\/macsupport.hu\/en\/services\/iphone-acquisitions-trade-in\/\">We will trade in your old machine in the new&#8217;s price<\/a><\/p>\n[\/vc_column_text][\/vc_column_inner][vc_column_inner width=&#8221;1\/4&#8243;][vc_icon icon_fontawesome=&#8221;fa fa-server&#8221; color=&#8221;custom&#8221; size=&#8221;lg&#8221; align=&#8221;center&#8221; custom_color=&#8221;#6d6d6d&#8221; link=&#8221;url:http%3A%2F%2Fmacsupport.hu%2Fen%2Fservices%2Fapple-mac-system-administrator%2F|||&#8221;][mk_fancy_title size=&#8221;20&#8243; font_weight=&#8221;bold&#8221; font_family=&#8221;Montserrat&#8221; font_type=&#8221;google&#8221; align=&#8221;center&#8221;]<a href=\"https:\/\/macsupport.hu\/en\/services\/apple-mac-system-administrator\/\">MAC SYSTEM ADMINISTRATOR<\/a>[\/mk_fancy_title][vc_column_text]\n<p style=\"text-align: center;\"><a href=\"https:\/\/macsupport.hu\/en\/services\/apple-mac-system-administrator\/\">Providing administrator tasks for small and medium businesses<\/a><\/p>\n[\/vc_column_text][\/vc_column_inner][vc_column_inner width=&#8221;1\/4&#8243;][vc_icon icon_fontawesome=&#8221;fa fa-wifi&#8221; color=&#8221;custom&#8221; size=&#8221;lg&#8221; align=&#8221;center&#8221; custom_color=&#8221;#6d6d6d&#8221; link=&#8221;url:http%3A%2F%2Fmacsupport.hu%2Fen%2Fservices%2Foffice-support%2F|||&#8221;][mk_fancy_title size=&#8221;20&#8243; font_weight=&#8221;bold&#8221; font_family=&#8221;Montserrat&#8221; font_type=&#8221;google&#8221; margin_top=&#8221;50&#8243; margin_bottom=&#8221;20&#8243; align=&#8221;center&#8221;]<a href=\"https:\/\/macsupport.hu\/en\/services\/office-support\/\">OFFICE SUPPORT<\/a>[\/mk_fancy_title][vc_column_text]\n<p style=\"text-align: center;\"><a href=\"https:\/\/macsupport.hu\/en\/services\/office-support\/\">Complete office supplies for Apple users<\/a><\/p>\n[\/vc_column_text][\/vc_column_inner][\/vc_row_inner][\/vc_column][\/mk_page_section][mk_page_section bg_image=&#8221;http:\/\/macsupport.hu\/wp-content\/uploads\/2017\/07\/radek-grzybowski-66457.jpg&#8221; bg_position=&#8221;center bottom&#8221; bg_repeat=&#8221;no-repeat&#8221; parallax=&#8221;true&#8221; color_mask=&#8221;#000000&#8243; mask_opacity=&#8221;0.1&#8243; video_color_mask=&#8221;#000000&#8243; video_opacity=&#8221;0.4&#8243;][vc_column width=&#8221;1\/6&#8243;][\/vc_column][vc_column width=&#8221;2\/3&#8243;][vc_icon icon_fontawesome=&#8221;fa fa-quote-left&#8221; color=&#8221;custom&#8221; size=&#8221;xl&#8221; align=&#8221;center&#8221; custom_color=&#8221;#ffffff&#8221;][vc_content_scroller border_color=&#8221;&#8221; direction_nav=&#8221;false&#8221;][vc_content_scroller_item title=&#8221;Thank you Csaba!!! I thought all hope was gone, but you saved my laptop! It took only 3 hours from the time I contacted you to when you called me to say that everything was okay and I could go pick it up. I&#8217;m so grateful! I&#8217;ll be calling you again in the future should I have any issues and will definitely recommend you to my friends. Thank you!!&#8221;][mk_fancy_title size=&#8221;18&#8243; line_height=&#8221;36&#8243; color=&#8221;#ffffff&#8221; font_weight=&#8221;normal&#8221; font_family=&#8221;Montserrat&#8221; font_type=&#8221;google&#8221; margin_top=&#8221;20&#8243; margin_bottom=&#8221;20&#8243;]&#8221;Thank you Csaba!!! I thought all hope was gone, but you saved my laptop! It took only 3 hours from the time I contacted you to when you called me to say that everything was okay and I could go pick it up. I&#8217;m so grateful! I&#8217;ll be calling you again in the future should I have any issues and will definitely recommend you to my friends. Thank you!!&#8221; <em>Amy Szabados<\/em>[\/mk_fancy_title][mk_padding_divider size=&#8221;30&#8243;][\/vc_content_scroller_item][vc_content_scroller_item title=&#8221;The perfect service! Gyors megoldasok a legnehezebb helyzetekben is! Batran ajanlom mindenkinek, aki szereti, ha szepen es sokaig fenylik az Almaja! 10\/10.&#8221;][mk_padding_divider size=&#8221;30&#8243;][mk_fancy_title size=&#8221;30&#8243; line_height=&#8221;36&#8243; color=&#8221;#ffffff&#8221; font_weight=&#8221;normal&#8221; font_family=&#8221;Montserrat&#8221; font_type=&#8221;google&#8221; margin_top=&#8221;20&#8243; margin_bottom=&#8221;20&#8243;]&#8221;The perfect service! Gyors megold\u00e1sok a legnehezebb helyzetekben is! B\u00e1tran aj\u00e1nlom mindenkinek, aki szereti, ha sz\u00e9pen es sok\u00e1ig f\u00e9nylik az Alm\u00e1ja!&#8221; 10\/10.\u00a0 <em>B\u00e1cskai Bal\u00e1zs<\/em>[\/mk_fancy_title][mk_padding_divider size=&#8221;30&#8243;][\/vc_content_scroller_item][vc_content_scroller_item title=&#8221;Thanks for all your help, Csaba. You always fix the problems quickly and professionally. Highly recommended!&#8221;][mk_padding_divider size=&#8221;30&#8243;][mk_fancy_title size=&#8221;30&#8243; line_height=&#8221;36&#8243; color=&#8221;#ffffff&#8221; font_weight=&#8221;normal&#8221; font_family=&#8221;Montserrat&#8221; font_type=&#8221;google&#8221; margin_top=&#8221;20&#8243; margin_bottom=&#8221;20&#8243;]&#8221;Thanks for all your help, Csaba. You always fix the problems quickly and professionally. Highly recommended!&#8221;\u00a0 <em>J.B. Popplewell<\/em>[\/mk_fancy_title][mk_padding_divider size=&#8221;30&#8243;][\/vc_content_scroller_item][vc_content_scroller_item][mk_padding_divider size=&#8221;30&#8243;][mk_fancy_title size=&#8221;30&#8243; line_height=&#8221;36&#8243; color=&#8221;#ffffff&#8221; font_weight=&#8221;normal&#8221; font_family=&#8221;Montserrat&#8221; font_type=&#8221;google&#8221; margin_top=&#8221;20&#8243; margin_bottom=&#8221;20&#8243;]\u201cA g\u00e9p kiv\u00e1laszt\u00e1s\u00e1t\u00f3l a teljesk\u00f6r\u0171 be\u00fczemel\u00e9sig mindenben seg\u00edtettek, csak aj\u00e1nlani tudom \u0150ket\u201d <em>Heinrich Robert<\/em>[\/mk_fancy_title][mk_padding_divider size=&#8221;30&#8243;][\/vc_content_scroller_item][vc_content_scroller_item][mk_padding_divider size=&#8221;30&#8243;][mk_fancy_title size=&#8221;30&#8243; line_height=&#8221;36&#8243; color=&#8221;#ffffff&#8221; font_weight=&#8221;normal&#8221; font_family=&#8221;Montserrat&#8221; font_type=&#8221;google&#8221; margin_top=&#8221;20&#8243; margin_bottom=&#8221;20&#8243;]\u201cEgy napra sem hagytak g\u00e9p n\u00e9lk\u00fcl, \u00edgy nem kellett megszak\u00edtanom a munk\u00e1t\u201d <em>Feh\u00e9r \u00c1kos<\/em>[\/mk_fancy_title][mk_padding_divider size=&#8221;30&#8243;][\/vc_content_scroller_item][\/vc_content_scroller][mk_padding_divider][\/vc_column][vc_column width=&#8221;1\/6&#8243;][\/vc_column][\/mk_page_section][mk_page_section bg_color=&#8221;#000000&#8243; bg_image=&#8221;http:\/\/macsupport.hu\/wp-content\/uploads\/2017\/07\/parker-byrd-139348.jpg&#8221; bg_position=&#8221;center bottom&#8221; video_color_mask=&#8221;#000000&#8243; video_opacity=&#8221;0.4&#8243;][vc_column][mk_padding_divider size=&#8221;50&#8243;][vc_row_inner][vc_column_inner width=&#8221;1\/2&#8243;][mk_image src=&#8221;http:\/\/macsupport.hu\/wp-content\/uploads\/2017\/07\/product_pro.png&#8221; image_width=&#8221;250&#8243; image_height=&#8221;100&#8243; crop=&#8221;false&#8221; hover=&#8221;false&#8221; align=&#8221;center&#8221;][\/vc_column_inner][vc_column_inner width=&#8221;1\/2&#8243;][mk_image src=&#8221;http:\/\/macsupport.hu\/wp-content\/uploads\/2017\/07\/support_pro.png&#8221; image_width=&#8221;250&#8243; image_height=&#8221;100&#8243; crop=&#8221;false&#8221; hover=&#8221;false&#8221; align=&#8221;center&#8221;][\/vc_column_inner][\/vc_row_inner][mk_padding_divider size=&#8221;50&#8243;][\/vc_column][\/mk_page_section]\n","protected":false},"excerpt":{"rendered":"<p>[mk_page_section padding=&#8221;0&#8243;][vc_column][layerslider_vc id=&#8221;1&#8243;][\/vc_column][\/mk_page_section][mk_page_section][vc_column][vc_row_inner][vc_column_inner width=&#8221;1\/4&#8243;][vc_icon icon_fontawesome=&#8221;fa fa-life-ring&#8221; color=&#8221;custom&#8221; size=&#8221;lg&#8221; align=&#8221;center&#8221; custom_color=&#8221;#6d6d6d&#8221; link=&#8221;url:http%3A%2F%2Fmacsupport.hu%2Fen%2Fservices%2Fsupport%2F|||&#8221;][mk_fancy_title size=&#8221;20&#8243; font_weight=&#8221;bold&#8221; font_family=&#8221;Montserrat&#8221; font_type=&#8221;google&#8221; margin_top=&#8221;50&#8243; margin_bottom=&#8221;20&#8243; align=&#8221;center&#8221;]SUPPORT[\/mk_fancy_title][vc_column_text] Technical assistance for companies and individuals [\/vc_column_text][\/vc_column_inner][vc_column_inner width=&#8221;1\/4&#8243;][vc_icon icon_fontawesome=&#8221;fa fa-wrench&#8221; color=&#8221;custom&#8221; size=&#8221;lg&#8221; align=&#8221;center&#8221; custom_color=&#8221;#6d6d6d&#8221; link=&#8221;url:http%3A%2F%2Fmacsupport.hu%2Fszolgaltatasok%2Fszerviz%2F|||&#8221;][mk_fancy_title size=&#8221;20&#8243; font_weight=&#8221;bold&#8221; font_family=&#8221;Montserrat&#8221; font_type=&#8221;google&#8221; margin_top=&#8221;50&#8243; margin_bottom=&#8221;20&#8243; align=&#8221;center&#8221;]SERVICE[\/mk_fancy_title][vc_column_text] Hardware and software problem solving with outstanding flexibility [\/vc_column_text][\/vc_column_inner][vc_column_inner width=&#8221;1\/4&#8243;][vc_icon icon_fontawesome=&#8221;fa fa-medkit&#8221; color=&#8221;custom&#8221; size=&#8221;lg&#8221; align=&#8221;center&#8221; [&hellip;]<\/p>\n","protected":false},"author":1,"featured_media":0,"parent":0,"menu_order":0,"comment_status":"closed","ping_status":"closed","template":"","meta":{"_monsterinsights_skip_tracking":false,"_monsterinsights_sitenote_active":false,"_monsterinsights_sitenote_note":"","_monsterinsights_sitenote_category":0},"_links":{"self":[{"href":"https:\/\/macsupport.hu\/en\/wp-json\/wp\/v2\/pages\/35"}],"collection":[{"href":"https:\/\/macsupport.hu\/en\/wp-json\/wp\/v2\/pages"}],"about":[{"href":"https:\/\/macsupport.hu\/en\/wp-json\/wp\/v2\/types\/page"}],"author":[{"embeddable":true,"href":"https:\/\/macsupport.hu\/en\/wp-json\/wp\/v2\/users\/1"}],"replies":[{"embeddable":true,"href":"https:\/\/macsupport.hu\/en\/wp-json\/wp\/v2\/comments?post=35"}],"version-history":[{"count":40,"href":"https:\/\/macsupport.hu\/en\/wp-json\/wp\/v2\/pages\/35\/revisions"}],"predecessor-version":[{"id":1824,"href":"https:\/\/macsupport.hu\/en\/wp-json\/wp\/v2\/pages\/35\/revisions\/1824"}],"wp:attachment":[{"href":"https:\/\/macsupport.hu\/en\/wp-json\/wp\/v2\/media?parent=35"}],"curies":[{"name":"wp","href":"https:\/\/api.w.org\/{rel}","templated":true}]}}